{"id":1001,"date":"2024-08-15T12:09:08","date_gmt":"2024-08-15T10:09:08","guid":{"rendered":"https:\/\/museelyceemariecurie.org\/?page_id=1001"},"modified":"2024-12-27T12:11:46","modified_gmt":"2024-12-27T11:11:46","slug":"la-gazette","status":"publish","type":"page","link":"https:\/\/museelyceemariecurie.org\/index.php\/la-gazette\/","title":{"rendered":"La Gazette"},"content":{"rendered":"\n<p>Merci \u00e0 la Gazette pour ses articles, ses conseils et son soutien ind\u00e9fectible.<\/p>\n\n\n\n<p>Merci \u00e0 G\u00e9rard Bardier et Maurice Zytnicki pour l&#8217;h\u00e9bergement de l&#8217;exposition.<\/p>\n\n\n\n<p><\/p>\n\n\n\n<div class=\"wp-block-buttons is-content-justification-center is-layout-flex wp-container-core-buttons-is-layout-a89b3969 wp-block-buttons-is-layout-flex\">\n<div class=\"wp-block-button\"><a class=\"wp-block-button__link wp-element-button\" href=\"https:\/\/sceaux-lagazette.fr\/index.php\/2023\/03\/02\/marie-curie-au-temps-des-jeunes-filles\/#comment-6832\">Marie-Curie au temps des jeunes filles<\/a><\/div>\n<\/div>\n\n\n\n<div class=\"wp-block-buttons is-content-justification-center is-layout-flex wp-container-core-buttons-is-layout-a89b3969 wp-block-buttons-is-layout-flex\">\n<div class=\"wp-block-button\"><a class=\"wp-block-button__link wp-element-button\" href=\"https:\/\/sceaux-lagazette.fr\/index.php\/2023\/11\/16\/marie-curie-un-lycee-dans-la-guerre\/\">Marie-Curie : un lyc\u00e9e dans la guerre<\/a><\/div>\n<\/div>\n\n\n\n<div class=\"wp-block-buttons is-content-justification-center is-layout-flex wp-container-core-buttons-is-layout-a89b3969 wp-block-buttons-is-layout-flex\">\n<div class=\"wp-block-button\"><a class=\"wp-block-button__link wp-element-button\" href=\"https:\/\/sceaux-lagazette.fr\/index.php\/2024\/06\/04\/filles-et-garcons-la-longue-marche-vers-legalite\/\">Filles et gar\u00e7ons : marche vers l&#8217;\u00e9galit\u00e9<\/a><\/div>\n<\/div>\n\n\n\n<div class=\"wp-block-buttons is-content-justification-center is-layout-flex wp-container-core-buttons-is-layout-a89b3969 wp-block-buttons-is-layout-flex\">\n<div class=\"wp-block-button\"><a class=\"wp-block-button__link wp-element-button\" href=\"https:\/\/sceaux-lagazette.fr\/?s=lyc%C3%A9es\">A Sceaux, deux lyc\u00e9es pendant la guerre<\/a><\/div>\n<\/div>\n\n\n\n<p><\/p>\n","protected":false},"excerpt":{"rendered":"<p>Merci \u00e0 la Gazette pour ses articles, ses conseils et son soutien ind\u00e9fectible. Merci \u00e0 G\u00e9rard Bardier et Maurice Zytnicki pour l&#8217;h\u00e9bergement de l&#8217;exposition.<\/p>\n","protected":false},"author":1,"featured_media":0,"parent":0,"menu_order":0,"comment_status":"closed","ping_status":"closed","template":"","meta":{"footnotes":""},"class_list":["post-1001","page","type-page","status-publish","hentry"],"_links":{"self":[{"href":"https:\/\/museelyceemariecurie.org\/index.php\/wp-json\/wp\/v2\/pages\/1001","targetHints":{"allow":["GET"]}}],"collection":[{"href":"https:\/\/museelyceemariecurie.org\/index.php\/wp-json\/wp\/v2\/pages"}],"about":[{"href":"https:\/\/museelyceemariecurie.org\/index.php\/wp-json\/wp\/v2\/types\/page"}],"author":[{"embeddable":true,"href":"https:\/\/museelyceemariecurie.org\/index.php\/wp-json\/wp\/v2\/users\/1"}],"replies":[{"embeddable":true,"href":"https:\/\/museelyceemariecurie.org\/index.php\/wp-json\/wp\/v2\/comments?post=1001"}],"version-history":[{"count":12,"href":"https:\/\/museelyceemariecurie.org\/index.php\/wp-json\/wp\/v2\/pages\/1001\/revisions"}],"predecessor-version":[{"id":2251,"href":"https:\/\/museelyceemariecurie.org\/index.php\/wp-json\/wp\/v2\/pages\/1001\/revisions\/2251"}],"wp:attachment":[{"href":"https:\/\/museelyceemariecurie.org\/index.php\/wp-json\/wp\/v2\/media?parent=1001"}],"curies":[{"name":"wp","href":"https:\/\/api.w.org\/{rel}","templated":true}]}}