{"id":1197,"date":"2024-08-18T14:23:36","date_gmt":"2024-08-18T12:23:36","guid":{"rendered":"https:\/\/museelyceemariecurie.org\/?page_id=1197"},"modified":"2024-08-18T14:54:47","modified_gmt":"2024-08-18T12:54:47","slug":"films-et-series","status":"publish","type":"page","link":"https:\/\/museelyceemariecurie.org\/index.php\/films-et-series\/","title":{"rendered":"Films et s\u00e9ries"},"content":{"rendered":"\n<p>Plusieurs films, s\u00e9ries et publicit\u00e9s ont \u00e9t\u00e9 tourn\u00e9s au lyc\u00e9e Marie-Curie dont <em>Le Z\u00e8bre<\/em>, sorti en 1992, o\u00f9 plusieurs \u00e9l\u00e8ves ont \u00e9t\u00e9 figurants choisis lors d&#8217;un casting plusieurs semaines avant le tournage pendant les vacances scolaires.<\/p>\n\n\n\n<figure class=\"wp-block-image size-full\"><img loading=\"lazy\" decoding=\"async\" width=\"600\" height=\"275\" src=\"http:\/\/museelyceemariecurie.org\/wp-content\/uploads\/2024\/08\/Le-Zebre3.jpg\" alt=\"\" class=\"wp-image-1217\" srcset=\"https:\/\/museelyceemariecurie.org\/wp-content\/uploads\/2024\/08\/Le-Zebre3.jpg 600w, https:\/\/museelyceemariecurie.org\/wp-content\/uploads\/2024\/08\/Le-Zebre3-300x138.jpg 300w\" sizes=\"auto, (max-width: 600px) 100vw, 600px\" \/><\/figure>\n\n\n\n<figure class=\"wp-block-image size-full\"><img loading=\"lazy\" decoding=\"async\" width=\"600\" height=\"272\" src=\"http:\/\/museelyceemariecurie.org\/wp-content\/uploads\/2024\/08\/Le-Zebre-2.jpg\" alt=\"\" class=\"wp-image-1218\" srcset=\"https:\/\/museelyceemariecurie.org\/wp-content\/uploads\/2024\/08\/Le-Zebre-2.jpg 600w, https:\/\/museelyceemariecurie.org\/wp-content\/uploads\/2024\/08\/Le-Zebre-2-300x136.jpg 300w\" sizes=\"auto, (max-width: 600px) 100vw, 600px\" \/><\/figure>\n","protected":false},"excerpt":{"rendered":"<p>Plusieurs films, s\u00e9ries et publicit\u00e9s ont \u00e9t\u00e9 tourn\u00e9s au lyc\u00e9e Marie-Curie dont Le Z\u00e8bre, sorti en 1992, o\u00f9 plusieurs \u00e9l\u00e8ves ont \u00e9t\u00e9 figurants choisis lors d&#8217;un casting plusieurs semaines avant le tournage pendant les vacances scolaires.<\/p>\n","protected":false},"author":1,"featured_media":1213,"parent":0,"menu_order":0,"comment_status":"closed","ping_status":"closed","template":"","meta":{"footnotes":""},"class_list":["post-1197","page","type-page","status-publish","has-post-thumbnail","hentry"],"_links":{"self":[{"href":"https:\/\/museelyceemariecurie.org\/index.php\/wp-json\/wp\/v2\/pages\/1197","targetHints":{"allow":["GET"]}}],"collection":[{"href":"https:\/\/museelyceemariecurie.org\/index.php\/wp-json\/wp\/v2\/pages"}],"about":[{"href":"https:\/\/museelyceemariecurie.org\/index.php\/wp-json\/wp\/v2\/types\/page"}],"author":[{"embeddable":true,"href":"https:\/\/museelyceemariecurie.org\/index.php\/wp-json\/wp\/v2\/users\/1"}],"replies":[{"embeddable":true,"href":"https:\/\/museelyceemariecurie.org\/index.php\/wp-json\/wp\/v2\/comments?post=1197"}],"version-history":[{"count":7,"href":"https:\/\/museelyceemariecurie.org\/index.php\/wp-json\/wp\/v2\/pages\/1197\/revisions"}],"predecessor-version":[{"id":1220,"href":"https:\/\/museelyceemariecurie.org\/index.php\/wp-json\/wp\/v2\/pages\/1197\/revisions\/1220"}],"wp:featuredmedia":[{"embeddable":true,"href":"https:\/\/museelyceemariecurie.org\/index.php\/wp-json\/wp\/v2\/media\/1213"}],"wp:attachment":[{"href":"https:\/\/museelyceemariecurie.org\/index.php\/wp-json\/wp\/v2\/media?parent=1197"}],"curies":[{"name":"wp","href":"https:\/\/api.w.org\/{rel}","templated":true}]}}