{"id":2657,"date":"2026-02-23T19:25:45","date_gmt":"2026-02-23T18:25:45","guid":{"rendered":"https:\/\/museelyceemariecurie.org\/?page_id=2657"},"modified":"2026-02-23T19:46:04","modified_gmt":"2026-02-23T18:46:04","slug":"denis-lavant","status":"publish","type":"page","link":"https:\/\/museelyceemariecurie.org\/index.php\/personnalites\/denis-lavant\/","title":{"rendered":"Denis Lavant"},"content":{"rendered":"\n<p><strong>Reconnaissez-vous Denis Lavant sur cette photographie ?<\/strong><\/p>\n\n\n\n<figure class=\"wp-block-image size-full\"><img loading=\"lazy\" decoding=\"async\" width=\"775\" height=\"493\" src=\"https:\/\/museelyceemariecurie.org\/wp-content\/uploads\/2026\/02\/DenisLavant.jpg\" alt=\"\" class=\"wp-image-2650\" srcset=\"https:\/\/museelyceemariecurie.org\/wp-content\/uploads\/2026\/02\/DenisLavant.jpg 775w, https:\/\/museelyceemariecurie.org\/wp-content\/uploads\/2026\/02\/DenisLavant-300x191.jpg 300w, https:\/\/museelyceemariecurie.org\/wp-content\/uploads\/2026\/02\/DenisLavant-768x489.jpg 768w\" sizes=\"auto, (max-width: 775px) 100vw, 775px\" \/><\/figure>\n\n\n\n<p>Denis Lavant a \u00e9t\u00e9 scolaris\u00e9 au lyc\u00e9e Marie-Curie de 1971 \u00e0 1978. Il fait partie de cette g\u00e9n\u00e9ration de gar\u00e7ons qui auraient d\u00fb aller au lyc\u00e9e Lakanal, mais qui ont fait la premi\u00e8re rentr\u00e9e scolaire mixte en classe de 6\u00e8me.<\/p>\n\n\n\n<p>C&#8217;est par erreur qu&#8217;on en fait un \u00e9l\u00e8ve du lyc\u00e9e Lakanal, car il \u00e9tait inscrit \u00e0 son groupe de th\u00e9\u00e2tre qui se r\u00e9unissait apr\u00e8s les cours \u00e0 l&#8217;aum\u00f4nerie du lyc\u00e9e Lakanal. Il a aussi fr\u00e9quent\u00e9 la MJC de Sceaux.<\/p>\n","protected":false},"excerpt":{"rendered":"<p>Reconnaissez-vous Denis Lavant sur cette photographie ? Denis Lavant a \u00e9t\u00e9 scolaris\u00e9 au lyc\u00e9e Marie-Curie de 1971 \u00e0 1978. Il fait partie de cette g\u00e9n\u00e9ration de gar\u00e7ons qui auraient d\u00fb aller au lyc\u00e9e Lakanal, mais qui ont fait la premi\u00e8re rentr\u00e9e scolaire mixte en classe de 6\u00e8me. C&#8217;est par erreur qu&#8217;on en fait un \u00e9l\u00e8ve [&hellip;]<\/p>\n","protected":false},"author":1,"featured_media":0,"parent":42,"menu_order":0,"comment_status":"closed","ping_status":"closed","template":"","meta":{"footnotes":""},"class_list":["post-2657","page","type-page","status-publish","hentry"],"_links":{"self":[{"href":"https:\/\/museelyceemariecurie.org\/index.php\/wp-json\/wp\/v2\/pages\/2657","targetHints":{"allow":["GET"]}}],"collection":[{"href":"https:\/\/museelyceemariecurie.org\/index.php\/wp-json\/wp\/v2\/pages"}],"about":[{"href":"https:\/\/museelyceemariecurie.org\/index.php\/wp-json\/wp\/v2\/types\/page"}],"author":[{"embeddable":true,"href":"https:\/\/museelyceemariecurie.org\/index.php\/wp-json\/wp\/v2\/users\/1"}],"replies":[{"embeddable":true,"href":"https:\/\/museelyceemariecurie.org\/index.php\/wp-json\/wp\/v2\/comments?post=2657"}],"version-history":[{"count":2,"href":"https:\/\/museelyceemariecurie.org\/index.php\/wp-json\/wp\/v2\/pages\/2657\/revisions"}],"predecessor-version":[{"id":2669,"href":"https:\/\/museelyceemariecurie.org\/index.php\/wp-json\/wp\/v2\/pages\/2657\/revisions\/2669"}],"up":[{"embeddable":true,"href":"https:\/\/museelyceemariecurie.org\/index.php\/wp-json\/wp\/v2\/pages\/42"}],"wp:attachment":[{"href":"https:\/\/museelyceemariecurie.org\/index.php\/wp-json\/wp\/v2\/media?parent=2657"}],"curies":[{"name":"wp","href":"https:\/\/api.w.org\/{rel}","templated":true}]}}