{"id":302,"date":"2024-08-11T19:57:56","date_gmt":"2024-08-11T17:57:56","guid":{"rendered":"https:\/\/museelyceemariecurie.org\/?page_id=302"},"modified":"2024-09-28T14:15:24","modified_gmt":"2024-09-28T12:15:24","slug":"les-annees-2000","status":"publish","type":"page","link":"https:\/\/museelyceemariecurie.org\/index.php\/les-annees-2000\/","title":{"rendered":"Les ann\u00e9es 2000"},"content":{"rendered":"\n<p>Vous vous reconnaissez&#8230;<br>Vous avez des anecdotes, des souvenirs \u00e0 raconter&#8230; <br>Vous souhaitez nous envoyer d&#8217;autres photos qui n&#8217;apparaissent pas ici&#8230;<br>Vous voulez apporter des pr\u00e9cisions, signaler des erreurs&#8230;<br><br>Alors, \u00e9crivez-nous \u00e0 l&#8217;adresse : mcsearchers@gmail.com<br><br>Bonne visite !<\/p>\n\n\n\n<h2 class=\"wp-block-heading\">&#8211; &#8211; &#8211;<br><\/h2>\n","protected":false},"excerpt":{"rendered":"<p>Vous vous reconnaissez&#8230;Vous avez des anecdotes, des souvenirs \u00e0 raconter&#8230; Vous souhaitez nous envoyer d&#8217;autres photos qui n&#8217;apparaissent pas ici&#8230;Vous voulez apporter des pr\u00e9cisions, signaler des erreurs&#8230; Alors, \u00e9crivez-nous \u00e0 l&#8217;adresse : mcsearchers@gmail.com Bonne visite ! &#8211; &#8211; &#8211;<\/p>\n","protected":false},"author":1,"featured_media":0,"parent":0,"menu_order":0,"comment_status":"closed","ping_status":"closed","template":"","meta":{"footnotes":""},"class_list":["post-302","page","type-page","status-publish","hentry"],"_links":{"self":[{"href":"https:\/\/museelyceemariecurie.org\/index.php\/wp-json\/wp\/v2\/pages\/302","targetHints":{"allow":["GET"]}}],"collection":[{"href":"https:\/\/museelyceemariecurie.org\/index.php\/wp-json\/wp\/v2\/pages"}],"about":[{"href":"https:\/\/museelyceemariecurie.org\/index.php\/wp-json\/wp\/v2\/types\/page"}],"author":[{"embeddable":true,"href":"https:\/\/museelyceemariecurie.org\/index.php\/wp-json\/wp\/v2\/users\/1"}],"replies":[{"embeddable":true,"href":"https:\/\/museelyceemariecurie.org\/index.php\/wp-json\/wp\/v2\/comments?post=302"}],"version-history":[{"count":4,"href":"https:\/\/museelyceemariecurie.org\/index.php\/wp-json\/wp\/v2\/pages\/302\/revisions"}],"predecessor-version":[{"id":1505,"href":"https:\/\/museelyceemariecurie.org\/index.php\/wp-json\/wp\/v2\/pages\/302\/revisions\/1505"}],"wp:attachment":[{"href":"https:\/\/museelyceemariecurie.org\/index.php\/wp-json\/wp\/v2\/media?parent=302"}],"curies":[{"name":"wp","href":"https:\/\/api.w.org\/{rel}","templated":true}]}}