{"id":44,"date":"2024-08-10T12:13:16","date_gmt":"2024-08-10T10:13:16","guid":{"rendered":"https:\/\/museelyceemariecurie.org\/?page_id=44"},"modified":"2024-08-11T19:02:24","modified_gmt":"2024-08-11T17:02:24","slug":"photos-de-classe","status":"publish","type":"page","link":"https:\/\/museelyceemariecurie.org\/index.php\/photos-de-classe\/","title":{"rendered":"Photos de classe"},"content":{"rendered":"\n<p class=\"has-system-sans-serif-font-family has-medium-font-size\">Les photos de classes d\u00e9guis\u00e9es, initiative lanc\u00e9e par la CPE C\u00e9line Lavaleix.<\/p>\n","protected":false},"excerpt":{"rendered":"<p>Les photos de classes d\u00e9guis\u00e9es, initiative lanc\u00e9e par la CPE C\u00e9line Lavaleix.<\/p>\n","protected":false},"author":1,"featured_media":178,"parent":0,"menu_order":0,"comment_status":"closed","ping_status":"closed","template":"","meta":{"footnotes":""},"class_list":["post-44","page","type-page","status-publish","has-post-thumbnail","hentry"],"_links":{"self":[{"href":"https:\/\/museelyceemariecurie.org\/index.php\/wp-json\/wp\/v2\/pages\/44","targetHints":{"allow":["GET"]}}],"collection":[{"href":"https:\/\/museelyceemariecurie.org\/index.php\/wp-json\/wp\/v2\/pages"}],"about":[{"href":"https:\/\/museelyceemariecurie.org\/index.php\/wp-json\/wp\/v2\/types\/page"}],"author":[{"embeddable":true,"href":"https:\/\/museelyceemariecurie.org\/index.php\/wp-json\/wp\/v2\/users\/1"}],"replies":[{"embeddable":true,"href":"https:\/\/museelyceemariecurie.org\/index.php\/wp-json\/wp\/v2\/comments?post=44"}],"version-history":[{"count":4,"href":"https:\/\/museelyceemariecurie.org\/index.php\/wp-json\/wp\/v2\/pages\/44\/revisions"}],"predecessor-version":[{"id":279,"href":"https:\/\/museelyceemariecurie.org\/index.php\/wp-json\/wp\/v2\/pages\/44\/revisions\/279"}],"wp:featuredmedia":[{"embeddable":true,"href":"https:\/\/museelyceemariecurie.org\/index.php\/wp-json\/wp\/v2\/media\/178"}],"wp:attachment":[{"href":"https:\/\/museelyceemariecurie.org\/index.php\/wp-json\/wp\/v2\/media?parent=44"}],"curies":[{"name":"wp","href":"https:\/\/api.w.org\/{rel}","templated":true}]}}