{"id":532,"date":"2024-08-12T11:46:59","date_gmt":"2024-08-12T09:46:59","guid":{"rendered":"https:\/\/museelyceemariecurie.org\/?page_id=532"},"modified":"2024-08-12T12:01:29","modified_gmt":"2024-08-12T10:01:29","slug":"denis-barthelemy","status":"publish","type":"page","link":"https:\/\/museelyceemariecurie.org\/index.php\/denis-barthelemy\/","title":{"rendered":"Denis Barth\u00e9lemy"},"content":{"rendered":"\n<p class=\"has-system-sans-serif-font-family has-medium-font-size\"><strong>Saviez-vous que les gar\u00e7ons pouvaient \u00eatre \u00e9l\u00e8ves \u00e0 Marie-Curie&nbsp;?<\/strong>            <\/p>\n\n\n\n<div class=\"wp-block-media-text has-media-on-the-right is-stacked-on-mobile is-vertically-aligned-bottom\" style=\"grid-template-columns:auto 85%\"><div class=\"wp-block-media-text__content\">\n<p><strong>1950-51 11\u00e8me Mme Saurel<\/strong><\/p>\n<\/div><figure class=\"wp-block-media-text__media\"><img loading=\"lazy\" decoding=\"async\" width=\"750\" height=\"531\" src=\"http:\/\/museelyceemariecurie.org\/wp-content\/uploads\/2024\/08\/Clemence-Saurel.jpg\" alt=\"\" class=\"wp-image-533 size-full\" srcset=\"https:\/\/museelyceemariecurie.org\/wp-content\/uploads\/2024\/08\/Clemence-Saurel.jpg 750w, https:\/\/museelyceemariecurie.org\/wp-content\/uploads\/2024\/08\/Clemence-Saurel-300x212.jpg 300w\" sizes=\"auto, (max-width: 750px) 100vw, 750px\" \/><\/figure><\/div>\n\n\n\n<p><\/p>\n\n\n\n<p><div>N\u00e9 le 27 janvier 1945 \u00e0 Ch\u00e2tenay-Malabry, Denis Barth\u00e9lemy a \u00e9t\u00e9 \u00e9l\u00e8ve dans les classes primaires du lyc\u00e9e Marie-Curie, puis entra en Sixi\u00e8me au lyc\u00e9e Lakanal et d\u00e9crocha son baccalaur\u00e9at au lyc\u00e9e Descartes \u00e0 Antony.<\/div><\/p>\n\n\n\n<p>Sa m\u00e8re Madeleine Barth\u00e9lemy \u00e9tait adjointe d\u2019enseignement (anglais) au lyc\u00e9e Marie-Curie \u00e0 l\u2019\u00e9poque de Suzanne Forfer et Juliette Sardou. Elle devint par la ensuite professeure certifi\u00e9e d\u2019anglais au lyc\u00e9e Emmanuel-Mounier (\u00e0 son ouverture annexe du lyc\u00e9e Marie-Curie), et finit sa carri\u00e8re au Centre National de T\u00e9l\u00e9 Enseignement (CNTE).<\/p>\n\n\n\n<p>Pass\u00e9 par l&#8217;\u00e9cole nationale de la magistrature (ENM), apr\u00e8s plusieurs<br>postes dans la Justice, Denis Barth\u00e9lemy est devenu secr\u00e9taire g\u00e9n\u00e9ral de<br>la Mission Interminist\u00e9rielle de Lutte contre les Sectes sous le<br>gouvernement de Lionel Jospin. Il re\u00e7oit \u00e0 ce titre la L\u00e9gion d&#8217;Honneur.<br>Il a fini sa carri\u00e8re comme conseiller \u00e0 la Cour de cassation.<\/p>\n","protected":false},"excerpt":{"rendered":"<p>Saviez-vous que les gar\u00e7ons pouvaient \u00eatre \u00e9l\u00e8ves \u00e0 Marie-Curie&nbsp;? 1950-51 11\u00e8me Mme Saurel N\u00e9 le 27 janvier 1945 \u00e0 Ch\u00e2tenay-Malabry, Denis Barth\u00e9lemy a \u00e9t\u00e9 \u00e9l\u00e8ve dans les classes primaires du lyc\u00e9e Marie-Curie, puis entra en Sixi\u00e8me au lyc\u00e9e Lakanal et d\u00e9crocha son baccalaur\u00e9at au lyc\u00e9e Descartes \u00e0 Antony. Sa m\u00e8re Madeleine Barth\u00e9lemy \u00e9tait adjointe d\u2019enseignement [&hellip;]<\/p>\n","protected":false},"author":1,"featured_media":0,"parent":0,"menu_order":0,"comment_status":"closed","ping_status":"closed","template":"","meta":{"footnotes":""},"class_list":["post-532","page","type-page","status-publish","hentry"],"_links":{"self":[{"href":"https:\/\/museelyceemariecurie.org\/index.php\/wp-json\/wp\/v2\/pages\/532","targetHints":{"allow":["GET"]}}],"collection":[{"href":"https:\/\/museelyceemariecurie.org\/index.php\/wp-json\/wp\/v2\/pages"}],"about":[{"href":"https:\/\/museelyceemariecurie.org\/index.php\/wp-json\/wp\/v2\/types\/page"}],"author":[{"embeddable":true,"href":"https:\/\/museelyceemariecurie.org\/index.php\/wp-json\/wp\/v2\/users\/1"}],"replies":[{"embeddable":true,"href":"https:\/\/museelyceemariecurie.org\/index.php\/wp-json\/wp\/v2\/comments?post=532"}],"version-history":[{"count":2,"href":"https:\/\/museelyceemariecurie.org\/index.php\/wp-json\/wp\/v2\/pages\/532\/revisions"}],"predecessor-version":[{"id":547,"href":"https:\/\/museelyceemariecurie.org\/index.php\/wp-json\/wp\/v2\/pages\/532\/revisions\/547"}],"wp:attachment":[{"href":"https:\/\/museelyceemariecurie.org\/index.php\/wp-json\/wp\/v2\/media?parent=532"}],"curies":[{"name":"wp","href":"https:\/\/api.w.org\/{rel}","templated":true}]}}