{"id":541,"date":"2024-08-12T11:51:33","date_gmt":"2024-08-12T09:51:33","guid":{"rendered":"https:\/\/museelyceemariecurie.org\/?page_id=541"},"modified":"2024-08-21T09:09:02","modified_gmt":"2024-08-21T07:09:02","slug":"macha-meryl","status":"publish","type":"page","link":"https:\/\/museelyceemariecurie.org\/index.php\/macha-meryl\/","title":{"rendered":"Macha M\u00e9ril"},"content":{"rendered":"\n<p><strong>Saviez-vous que l&#8217;actrice Macha M\u00e9ril est une ancienne \u00e9l\u00e8ve du lyc\u00e9e ?<\/strong><\/p>\n\n\n\n<figure class=\"wp-block-image size-full\"><img loading=\"lazy\" decoding=\"async\" width=\"553\" height=\"404\" src=\"http:\/\/museelyceemariecurie.org\/wp-content\/uploads\/2024\/08\/macha-meryl.jpg\" alt=\"\" class=\"wp-image-1069\" srcset=\"https:\/\/museelyceemariecurie.org\/wp-content\/uploads\/2024\/08\/macha-meryl.jpg 553w, https:\/\/museelyceemariecurie.org\/wp-content\/uploads\/2024\/08\/macha-meryl-300x219.jpg 300w\" sizes=\"auto, (max-width: 553px) 100vw, 553px\" \/><\/figure>\n\n\n\n<p class=\"has-drop-cap has-system-sans-serif-font-family has-medium-font-size\">N\u00e9e Maria Magdalena Vladimirovna&nbsp;Gagarine le 3 septembre 1940 de l&#8217;union du prince Vladimir Anatolievitch Gagarine&nbsp;et de Maria Vsevolodovna Bielska\u00efa, issue de la noblesse ukrainienne, tous deux exil\u00e9s sur la&nbsp;C\u00f4te d&#8217;Azur apr\u00e8s la r\u00e9volution de 1917.&nbsp;Elle est une authentique princesse russe. <\/p>\n\n\n\n<p class=\"has-drop-cap has-system-sans-serif-font-family has-medium-font-size\">Apr\u00e8s sa scolarisation au lyc\u00e9e Marie-Curie entre 1951 et 1957, elle entreprend des \u00e9tudes de Lettres \u00e0 la Sorbonne, mais les interrompt pour entrer \u00e0 l&#8217;\u00e9cole du Th\u00e9\u00e2tre national populaire, suivre les cours d&#8217;art dramatique de Charles Dullin et se consacrer \u00e0 la carri\u00e8re de com\u00e9dienne.<\/p>\n\n\n\n<p class=\"has-drop-cap has-system-sans-serif-font-family has-medium-font-size\">Elle fait une apparition au cin\u00e9ma dans&nbsp;<em>Le Signe du Lion<\/em>&nbsp;d\u2019Eric Rohmer puis dans le premier film de G\u00e9rard Oury,&nbsp;<em>La Main chaude<\/em>&nbsp;(1959). Elle change de nom et&nbsp;choisit de se faire appeler Macha&nbsp;(diminutif de Maria) et M\u00e9ril en hommage \u00e0 la chanteuse de jazz Helen Merrill.<\/p>\n\n\n\n<div class=\"wp-block-buttons is-content-justification-right is-layout-flex wp-container-core-buttons-is-layout-d445cf74 wp-block-buttons-is-layout-flex\">\n<div class=\"wp-block-button\"><a class=\"wp-block-button__link wp-element-button\" href=\"https:\/\/www.leparisien.fr\/societe\/macha-meril-les-examinatrices-avaient-des-tetes-epouvantables-18-06-2012-2055018.php\">T\u00e9moignage de Macha M\u00e9ril<\/a><\/div>\n<\/div>\n\n\n\n<p><\/p>\n","protected":false},"excerpt":{"rendered":"<p>Saviez-vous que l&#8217;actrice Macha M\u00e9ril est une ancienne \u00e9l\u00e8ve du lyc\u00e9e ? N\u00e9e Maria Magdalena Vladimirovna&nbsp;Gagarine le 3 septembre 1940 de l&#8217;union du prince Vladimir Anatolievitch Gagarine&nbsp;et de Maria Vsevolodovna Bielska\u00efa, issue de la noblesse ukrainienne, tous deux exil\u00e9s sur la&nbsp;C\u00f4te d&#8217;Azur apr\u00e8s la r\u00e9volution de 1917.&nbsp;Elle est une authentique princesse russe. Apr\u00e8s sa scolarisation [&hellip;]<\/p>\n","protected":false},"author":1,"featured_media":0,"parent":0,"menu_order":0,"comment_status":"closed","ping_status":"closed","template":"","meta":{"footnotes":""},"class_list":["post-541","page","type-page","status-publish","hentry"],"_links":{"self":[{"href":"https:\/\/museelyceemariecurie.org\/index.php\/wp-json\/wp\/v2\/pages\/541","targetHints":{"allow":["GET"]}}],"collection":[{"href":"https:\/\/museelyceemariecurie.org\/index.php\/wp-json\/wp\/v2\/pages"}],"about":[{"href":"https:\/\/museelyceemariecurie.org\/index.php\/wp-json\/wp\/v2\/types\/page"}],"author":[{"embeddable":true,"href":"https:\/\/museelyceemariecurie.org\/index.php\/wp-json\/wp\/v2\/users\/1"}],"replies":[{"embeddable":true,"href":"https:\/\/museelyceemariecurie.org\/index.php\/wp-json\/wp\/v2\/comments?post=541"}],"version-history":[{"count":19,"href":"https:\/\/museelyceemariecurie.org\/index.php\/wp-json\/wp\/v2\/pages\/541\/revisions"}],"predecessor-version":[{"id":1244,"href":"https:\/\/museelyceemariecurie.org\/index.php\/wp-json\/wp\/v2\/pages\/541\/revisions\/1244"}],"wp:attachment":[{"href":"https:\/\/museelyceemariecurie.org\/index.php\/wp-json\/wp\/v2\/media?parent=541"}],"curies":[{"name":"wp","href":"https:\/\/api.w.org\/{rel}","templated":true}]}}