{"id":556,"date":"2024-08-12T12:25:40","date_gmt":"2024-08-12T10:25:40","guid":{"rendered":"https:\/\/museelyceemariecurie.org\/?page_id=556"},"modified":"2024-08-14T09:22:32","modified_gmt":"2024-08-14T07:22:32","slug":"larchitecte","status":"publish","type":"page","link":"https:\/\/museelyceemariecurie.org\/index.php\/larchitecte\/","title":{"rendered":"L&#8217;architecte"},"content":{"rendered":"\n<p class=\"has-system-sans-serif-font-family has-medium-font-size\"><strong>Emile Brunet (1872-1952)<\/strong>, architecte en chef des Monuments historiques, a construit le lyc\u00e9e en seulement quatre ans gr\u00e2ce \u00e0 la technique du b\u00e9ton arm\u00e9.<\/p>\n\n\n\n<p><\/p>\n\n\n\n<p class=\"has-drop-cap\">Le lyc\u00e9e adopte, comme le lyc\u00e9e Lakanal, un plan en peigne qui s\u2019adapte \u00e0 la pente du terrain. Au nord, sur sa partie la plus \u00e9lev\u00e9e, le long des rues Constant-Pilate et \u00c9mile-Morel, s\u2019\u00e9tend un corps de b\u00e2timent de 137 m\u00e8tres constituant la fa\u00e7ade. Aux deux extr\u00e9mit\u00e9s se raccordent deux ailes perpendiculaires, de longueur \u00e0 peu pr\u00e8s \u00e9gale (100 m\u00e8tres \u00e0 l\u2019est et 96 \u00e0 l\u2019ouest). Deux ailes m\u00e9dianes moins longues d\u00e9limitent trois cours hautes. Les grandes ailes abritent les salles de classe, les petites accueillent au rez-de-chauss\u00e9e l\u2019administration, \u00e0 l\u2019\u00e9tage les appartements de la direction.<\/p>\n\n\n\n<p class=\"has-drop-cap\">L\u2019oeuvre d\u2019\u00c9mile Brunet, form\u00e9 \u00e0 l\u2019\u00c9cole nationale des arts d\u00e9coratifs, s\u2019inscrit \u00e9galement dans le style Art d\u00e9co qui se d\u00e9veloppe en r\u00e9action contre l\u2019Art nouveau caract\u00e9ris\u00e9 par des lignes courbes et puisant son inspiration dans la nature. L\u2019Art d\u00e9co privil\u00e9gie au contraire des lignes simples et la g\u00e9om\u00e9trisation des formes. <\/p>\n\n\n\n<p class=\"has-drop-cap\">La beaut\u00e9 du monument provient de sa grande homog\u00e9n\u00e9it\u00e9 stylistique. Il a \u00e9t\u00e9 con\u00e7u comme une oeuvre d\u2019art totale o\u00f9 les diff\u00e9rents artistes s\u2019harmonisent. Les tesselles des mosa\u00efques et les carreaux des c\u00e9ramiques de Labouret emploient les m\u00eames couleurs que les parements en briques choisis par Brunet : ocres et rouges \u00e0 l\u2019ext\u00e9rieur, blanches \u00e0 l\u2019int\u00e9rieur. La terre cuite est visuellement omnipr\u00e9sente et donne son unit\u00e9 \u00e0 l\u2019ensemble. Les vitraux g\u00e9om\u00e9triques entrent en r\u00e9sonance avec les damiers de briques aux murs.<\/p>\n\n\n\n<p class=\"has-drop-cap\"><\/p>\n\n\n\n<p class=\"has-drop-cap\"><\/p>\n\n\n\n<p class=\"has-drop-cap\"><\/p>\n\n\n\n<p class=\"has-drop-cap\"><\/p>\n","protected":false},"excerpt":{"rendered":"<p>Emile Brunet (1872-1952), architecte en chef des Monuments historiques, a construit le lyc\u00e9e en seulement quatre ans gr\u00e2ce \u00e0 la technique du b\u00e9ton arm\u00e9. Le lyc\u00e9e adopte, comme le lyc\u00e9e Lakanal, un plan en peigne qui s\u2019adapte \u00e0 la pente du terrain. Au nord, sur sa partie la plus \u00e9lev\u00e9e, le long des rues Constant-Pilate [&hellip;]<\/p>\n","protected":false},"author":1,"featured_media":586,"parent":0,"menu_order":0,"comment_status":"closed","ping_status":"closed","template":"","meta":{"footnotes":""},"class_list":["post-556","page","type-page","status-publish","has-post-thumbnail","hentry"],"_links":{"self":[{"href":"https:\/\/museelyceemariecurie.org\/index.php\/wp-json\/wp\/v2\/pages\/556","targetHints":{"allow":["GET"]}}],"collection":[{"href":"https:\/\/museelyceemariecurie.org\/index.php\/wp-json\/wp\/v2\/pages"}],"about":[{"href":"https:\/\/museelyceemariecurie.org\/index.php\/wp-json\/wp\/v2\/types\/page"}],"author":[{"embeddable":true,"href":"https:\/\/museelyceemariecurie.org\/index.php\/wp-json\/wp\/v2\/users\/1"}],"replies":[{"embeddable":true,"href":"https:\/\/museelyceemariecurie.org\/index.php\/wp-json\/wp\/v2\/comments?post=556"}],"version-history":[{"count":13,"href":"https:\/\/museelyceemariecurie.org\/index.php\/wp-json\/wp\/v2\/pages\/556\/revisions"}],"predecessor-version":[{"id":848,"href":"https:\/\/museelyceemariecurie.org\/index.php\/wp-json\/wp\/v2\/pages\/556\/revisions\/848"}],"wp:featuredmedia":[{"embeddable":true,"href":"https:\/\/museelyceemariecurie.org\/index.php\/wp-json\/wp\/v2\/media\/586"}],"wp:attachment":[{"href":"https:\/\/museelyceemariecurie.org\/index.php\/wp-json\/wp\/v2\/media?parent=556"}],"curies":[{"name":"wp","href":"https:\/\/api.w.org\/{rel}","templated":true}]}}