{"id":562,"date":"2024-08-12T12:27:29","date_gmt":"2024-08-12T10:27:29","guid":{"rendered":"https:\/\/museelyceemariecurie.org\/?page_id=562"},"modified":"2024-08-14T15:48:09","modified_gmt":"2024-08-14T13:48:09","slug":"le-fronton","status":"publish","type":"page","link":"https:\/\/museelyceemariecurie.org\/index.php\/le-fronton\/","title":{"rendered":"Le fronton"},"content":{"rendered":"\n<p><strong>R\u00e9alis\u00e9 par Albert Chartier (1898-1992)<\/strong> qui est \u00e9galement l&#8217;auteur du buste de Marie Curie, tr\u00f4nant autrefois dans le Parloir (actuelle salle des professeurs), aujourd&#8217;hui dans le vestibule d&#8217;entr\u00e9e du lyc\u00e9e.<\/p>\n\n\n\n<p class=\"has-drop-cap\">Le fronton en bas-relief repr\u00e9sente les <strong>all\u00e9gories f\u00e9minines des Sciences et des Lettres<\/strong>, assises \u00e0 ses extr\u00e9mit\u00e9s, l\u2019une tenant un livre, l\u2019autre avec un globe et des instruments de mesure derri\u00e8re elle. En son centre s\u2019\u00e9l\u00e8ve l\u2019arbre de la connaissance portant en insert un cartouche octogonal, dans lequel sont inscrits les noms d\u2019Hom\u00e8re, Virgile, Moli\u00e8re, Pascal, Hugo, Pasteur, encadr\u00e9 par les figures de la Trag\u00e9die portant un voile et de la Musique avec une lyre.<\/p>\n\n\n\n<figure class=\"wp-block-image size-full is-resized\"><img loading=\"lazy\" decoding=\"async\" width=\"526\" height=\"330\" src=\"http:\/\/museelyceemariecurie.org\/wp-content\/uploads\/2024\/08\/Fronton2.jpg\" alt=\"\" class=\"wp-image-971\" style=\"width:606px;height:auto\" srcset=\"https:\/\/museelyceemariecurie.org\/wp-content\/uploads\/2024\/08\/Fronton2.jpg 526w, https:\/\/museelyceemariecurie.org\/wp-content\/uploads\/2024\/08\/Fronton2-300x188.jpg 300w\" sizes=\"auto, (max-width: 526px) 100vw, 526px\" \/><\/figure>\n","protected":false},"excerpt":{"rendered":"<p>R\u00e9alis\u00e9 par Albert Chartier (1898-1992) qui est \u00e9galement l&#8217;auteur du buste de Marie Curie, tr\u00f4nant autrefois dans le Parloir (actuelle salle des professeurs), aujourd&#8217;hui dans le vestibule d&#8217;entr\u00e9e du lyc\u00e9e. Le fronton en bas-relief repr\u00e9sente les all\u00e9gories f\u00e9minines des Sciences et des Lettres, assises \u00e0 ses extr\u00e9mit\u00e9s, l\u2019une tenant un livre, l\u2019autre avec un globe [&hellip;]<\/p>\n","protected":false},"author":1,"featured_media":603,"parent":0,"menu_order":0,"comment_status":"closed","ping_status":"closed","template":"","meta":{"footnotes":""},"class_list":["post-562","page","type-page","status-publish","has-post-thumbnail","hentry"],"_links":{"self":[{"href":"https:\/\/museelyceemariecurie.org\/index.php\/wp-json\/wp\/v2\/pages\/562","targetHints":{"allow":["GET"]}}],"collection":[{"href":"https:\/\/museelyceemariecurie.org\/index.php\/wp-json\/wp\/v2\/pages"}],"about":[{"href":"https:\/\/museelyceemariecurie.org\/index.php\/wp-json\/wp\/v2\/types\/page"}],"author":[{"embeddable":true,"href":"https:\/\/museelyceemariecurie.org\/index.php\/wp-json\/wp\/v2\/users\/1"}],"replies":[{"embeddable":true,"href":"https:\/\/museelyceemariecurie.org\/index.php\/wp-json\/wp\/v2\/comments?post=562"}],"version-history":[{"count":7,"href":"https:\/\/museelyceemariecurie.org\/index.php\/wp-json\/wp\/v2\/pages\/562\/revisions"}],"predecessor-version":[{"id":975,"href":"https:\/\/museelyceemariecurie.org\/index.php\/wp-json\/wp\/v2\/pages\/562\/revisions\/975"}],"wp:featuredmedia":[{"embeddable":true,"href":"https:\/\/museelyceemariecurie.org\/index.php\/wp-json\/wp\/v2\/media\/603"}],"wp:attachment":[{"href":"https:\/\/museelyceemariecurie.org\/index.php\/wp-json\/wp\/v2\/media?parent=562"}],"curies":[{"name":"wp","href":"https:\/\/api.w.org\/{rel}","templated":true}]}}