{"id":669,"date":"2024-08-12T18:02:56","date_gmt":"2024-08-12T16:02:56","guid":{"rendered":"https:\/\/museelyceemariecurie.org\/?page_id=669"},"modified":"2024-12-27T12:20:35","modified_gmt":"2024-12-27T11:20:35","slug":"10-familles","status":"publish","type":"page","link":"https:\/\/museelyceemariecurie.org\/index.php\/10-familles\/","title":{"rendered":"10 familles"},"content":{"rendered":"\n<p><strong>Jeu r\u00e9alis\u00e9 par Nad\u00e8ge Muzard avec une classe de coll\u00e8ge.<\/strong><\/p>\n\n\n\n<figure class=\"wp-block-image size-full\"><img loading=\"lazy\" decoding=\"async\" width=\"931\" height=\"615\" src=\"http:\/\/museelyceemariecurie.org\/wp-content\/uploads\/2024\/08\/435763924_707881621557620_7662959460820928687_n-1.jpg\" alt=\"\" class=\"wp-image-670\" srcset=\"https:\/\/museelyceemariecurie.org\/wp-content\/uploads\/2024\/08\/435763924_707881621557620_7662959460820928687_n-1.jpg 931w, https:\/\/museelyceemariecurie.org\/wp-content\/uploads\/2024\/08\/435763924_707881621557620_7662959460820928687_n-1-300x198.jpg 300w, https:\/\/museelyceemariecurie.org\/wp-content\/uploads\/2024\/08\/435763924_707881621557620_7662959460820928687_n-1-768x507.jpg 768w\" sizes=\"auto, (max-width: 931px) 100vw, 931px\" \/><\/figure>\n\n\n\n<figure class=\"wp-block-image size-full\"><img loading=\"lazy\" decoding=\"async\" width=\"952\" height=\"638\" src=\"http:\/\/museelyceemariecurie.org\/wp-content\/uploads\/2024\/08\/Capture-decran-2024-08-12-182135.png\" alt=\"\" class=\"wp-image-686\" srcset=\"https:\/\/museelyceemariecurie.org\/wp-content\/uploads\/2024\/08\/Capture-decran-2024-08-12-182135.png 952w, https:\/\/museelyceemariecurie.org\/wp-content\/uploads\/2024\/08\/Capture-decran-2024-08-12-182135-300x201.png 300w, https:\/\/museelyceemariecurie.org\/wp-content\/uploads\/2024\/08\/Capture-decran-2024-08-12-182135-768x515.png 768w\" sizes=\"auto, (max-width: 952px) 100vw, 952px\" \/><\/figure>\n\n\n\n<div data-wp-interactive=\"core\/file\" class=\"wp-block-file\"><object data-wp-bind--hidden=\"!state.hasPdfPreview\" hidden class=\"wp-block-file__embed\" data=\"https:\/\/museelyceemariecurie.org\/wp-content\/uploads\/2024\/08\/Les-artistes.pdf\" type=\"application\/pdf\" style=\"width:100%;height:600px\" aria-label=\"Embed of Les-artistes.\"><\/object><a id=\"wp-block-file--media-f4e7d292-4c40-42e7-9eb7-294de6d22e51\" href=\"https:\/\/museelyceemariecurie.org\/wp-content\/uploads\/2024\/08\/Les-artistes.pdf\">Les-artistes<\/a><a href=\"https:\/\/museelyceemariecurie.org\/wp-content\/uploads\/2024\/08\/Les-artistes.pdf\" class=\"wp-block-file__button wp-element-button\" download aria-describedby=\"wp-block-file--media-f4e7d292-4c40-42e7-9eb7-294de6d22e51\">T\u00e9l\u00e9charger<\/a><\/div>\n","protected":false},"excerpt":{"rendered":"<p>Jeu r\u00e9alis\u00e9 par Nad\u00e8ge Muzard avec une classe de coll\u00e8ge.<\/p>\n","protected":false},"author":1,"featured_media":0,"parent":0,"menu_order":0,"comment_status":"closed","ping_status":"closed","template":"","meta":{"footnotes":""},"class_list":["post-669","page","type-page","status-publish","hentry"],"_links":{"self":[{"href":"https:\/\/museelyceemariecurie.org\/index.php\/wp-json\/wp\/v2\/pages\/669","targetHints":{"allow":["GET"]}}],"collection":[{"href":"https:\/\/museelyceemariecurie.org\/index.php\/wp-json\/wp\/v2\/pages"}],"about":[{"href":"https:\/\/museelyceemariecurie.org\/index.php\/wp-json\/wp\/v2\/types\/page"}],"author":[{"embeddable":true,"href":"https:\/\/museelyceemariecurie.org\/index.php\/wp-json\/wp\/v2\/users\/1"}],"replies":[{"embeddable":true,"href":"https:\/\/museelyceemariecurie.org\/index.php\/wp-json\/wp\/v2\/comments?post=669"}],"version-history":[{"count":7,"href":"https:\/\/museelyceemariecurie.org\/index.php\/wp-json\/wp\/v2\/pages\/669\/revisions"}],"predecessor-version":[{"id":2255,"href":"https:\/\/museelyceemariecurie.org\/index.php\/wp-json\/wp\/v2\/pages\/669\/revisions\/2255"}],"wp:attachment":[{"href":"https:\/\/museelyceemariecurie.org\/index.php\/wp-json\/wp\/v2\/media?parent=669"}],"curies":[{"name":"wp","href":"https:\/\/api.w.org\/{rel}","templated":true}]}}